 {"id":15,"date":"2024-03-13T11:07:39","date_gmt":"2024-03-13T10:07:39","guid":{"rendered":"http:\/\/www.fotopublish.ch\/cms\/?page_id=15"},"modified":"2024-10-30T09:42:46","modified_gmt":"2024-10-30T08:42:46","slug":"home","status":"publish","type":"page","link":"https:\/\/www.fotopublish.ch\/cms\/","title":{"rendered":"Home"},"content":{"rendered":"\t\t<div data-elementor-type=\"wp-page\" data-elementor-id=\"15\" class=\"elementor elementor-15\">\n\t\t\t\t<div class=\"elementor-element elementor-element-2f20dfe e-con-full e-flex e-con e-parent\" data-id=\"2f20dfe\" data-element_type=\"container\" data-settings=\"{&quot;background_background&quot;:&quot;slideshow&quot;,&quot;background_slideshow_gallery&quot;:[{&quot;id&quot;:348,&quot;url&quot;:&quot;http:\\\/\\\/www.fotopublish.ch\\\/cms\\\/wp-content\\\/uploads\\\/2024\\\/03\\\/DSC4073.jpg&quot;},{&quot;id&quot;:339,&quot;url&quot;:&quot;http:\\\/\\\/www.fotopublish.ch\\\/cms\\\/wp-content\\\/uploads\\\/2024\\\/03\\\/DSC4083.jpg&quot;},{&quot;id&quot;:276,&quot;url&quot;:&quot;http:\\\/\\\/www.fotopublish.ch\\\/cms\\\/wp-content\\\/uploads\\\/2024\\\/03\\\/DSC2129.jpg&quot;},{&quot;id&quot;:249,&quot;url&quot;:&quot;http:\\\/\\\/www.fotopublish.ch\\\/cms\\\/wp-content\\\/uploads\\\/2024\\\/03\\\/DSC2150.jpg&quot;}],&quot;background_slideshow_lazyload&quot;:&quot;yes&quot;,&quot;background_slideshow_loop&quot;:&quot;yes&quot;,&quot;background_slideshow_slide_duration&quot;:5000,&quot;background_slideshow_slide_transition&quot;:&quot;fade&quot;,&quot;background_slideshow_transition_duration&quot;:500}\">\n\t\t\t\t<\/div>\n\t\t<div class=\"elementor-element elementor-element-bdefea2 e-flex e-con-boxed e-con e-parent\" data-id=\"bdefea2\" data-element_type=\"container\">\n\t\t\t\t\t<div class=\"e-con-inner\">\n\t\t\t\t<div class=\"elementor-element elementor-element-4d726af elementor-widget__width-initial elementor-widget-tablet__width-initial elementor-widget elementor-widget-text-editor\" data-id=\"4d726af\" data-element_type=\"widget\" data-widget_type=\"text-editor.default\">\n\t\t\t\t<div class=\"elementor-widget-container\">\n\t\t\t\t\t\t\t<h2>\u00dcber mich<\/h2><p>In jungen Jahren entwickelte ich eine Leidenschaft f\u00fcr Fotografie und machte mein Hobby zum Beruf. Mein Ziel ist es, durch einf\u00fchlsame und detailorientierte Arbeit positive Emotionen beim Betrachter zu wecken. Ich schaffe es, meine Kunden in eine angenehme Atmosph\u00e4re zu versetzen, in der sie sich wohlf\u00fchlen und den Alltag vergessen. Es erf\u00fcllt mich mit Freude und Dankbarkeit, Emotionen bei meinen Betrachtern hervorzurufen. F\u00fcr Beratung und Terminvereinbarungen stehe ich gerne zur Verf\u00fcgung und freue mich darauf, Sie pers\u00f6nlich kennenzulernen.<\/p>\t\t\t\t\t\t<\/div>\n\t\t\t\t<\/div>\n\t\t\t\t<div class=\"elementor-element elementor-element-c823a26 elementor-widget__width-initial elementor-widget-divider--view-line elementor-widget elementor-widget-divider\" data-id=\"c823a26\" data-element_type=\"widget\" data-widget_type=\"divider.default\">\n\t\t\t\t<div class=\"elementor-widget-container\">\n\t\t\t\t\t<div class=\"elementor-divider\">\n\t\t\t<span class=\"elementor-divider-separator\">\n\t\t\t\t\t\t<\/span>\n\t\t<\/div>\n\t\t\t\t<\/div>\n\t\t\t\t<\/div>\n\t\t\t\t<div class=\"elementor-element elementor-element-e0cb326 elementor-widget elementor-widget-image\" data-id=\"e0cb326\" data-element_type=\"widget\" data-widget_type=\"image.default\">\n\t\t\t\t<div class=\"elementor-widget-container\">\n\t\t\t\t\t\t\t\t\t\t\t\t\t<img fetchpriority=\"high\" decoding=\"async\" width=\"768\" height=\"512\" src=\"https:\/\/www.fotopublish.ch\/cms\/wp-content\/uploads\/2024\/03\/ich-768x512.jpg\" class=\"attachment-medium_large size-medium_large wp-image-386\" alt=\"\" srcset=\"https:\/\/www.fotopublish.ch\/cms\/wp-content\/uploads\/2024\/03\/ich-768x512.jpg 768w, https:\/\/www.fotopublish.ch\/cms\/wp-content\/uploads\/2024\/03\/ich-300x200.jpg 300w, https:\/\/www.fotopublish.ch\/cms\/wp-content\/uploads\/2024\/03\/ich-1024x683.jpg 1024w, https:\/\/www.fotopublish.ch\/cms\/wp-content\/uploads\/2024\/03\/ich-930x620.jpg 930w, https:\/\/www.fotopublish.ch\/cms\/wp-content\/uploads\/2024\/03\/ich.jpg 1500w\" sizes=\"(max-width: 768px) 100vw, 768px\" \/>\t\t\t\t\t\t\t\t\t\t\t\t\t<\/div>\n\t\t\t\t<\/div>\n\t\t\t\t\t<\/div>\n\t\t\t\t<\/div>\n\t\t<div class=\"elementor-element elementor-element-7211eee e-flex e-con-boxed e-con e-parent\" data-id=\"7211eee\" data-element_type=\"container\">\n\t\t\t\t\t<div class=\"e-con-inner\">\n\t\t\t\t<div class=\"elementor-element elementor-element-465d660 elementor-absolute elementor-widget elementor-widget-button\" data-id=\"465d660\" data-element_type=\"widget\" data-settings=\"{&quot;_position&quot;:&quot;absolute&quot;}\" data-widget_type=\"button.default\">\n\t\t\t\t<div class=\"elementor-widget-container\">\n\t\t\t\t\t\t\t<div class=\"elementor-button-wrapper\">\n\t\t\t\t\t<a class=\"elementor-button elementor-button-link elementor-size-sm\" href=\"#\">\n\t\t\t\t\t\t<span class=\"elementor-button-content-wrapper\">\n\t\t\t\t\t\t\t\t\t<span class=\"elementor-button-text\">Mehr Erfahren<\/span>\n\t\t\t\t\t<\/span>\n\t\t\t\t\t<\/a>\n\t\t\t\t<\/div>\n\t\t\t\t\t\t<\/div>\n\t\t\t\t<\/div>\n\t\t\t\t\t<\/div>\n\t\t\t\t<\/div>\n\t\t<div class=\"elementor-element elementor-element-bd7d71f e-flex e-con-boxed e-con e-parent\" data-id=\"bd7d71f\" data-element_type=\"container\">\n\t\t\t\t\t<div class=\"e-con-inner\">\n\t\t\t\t<div class=\"elementor-element elementor-element-afaf227 elementor-widget-divider--view-line elementor-widget elementor-widget-divider\" data-id=\"afaf227\" data-element_type=\"widget\" data-widget_type=\"divider.default\">\n\t\t\t\t<div class=\"elementor-widget-container\">\n\t\t\t\t\t<div class=\"elementor-divider\">\n\t\t\t<span class=\"elementor-divider-separator\">\n\t\t\t\t\t\t<\/span>\n\t\t<\/div>\n\t\t\t\t<\/div>\n\t\t\t\t<\/div>\n\t\t\t\t<div class=\"elementor-element elementor-element-2602f1e elementor-widget elementor-widget-heading\" data-id=\"2602f1e\" data-element_type=\"widget\" data-widget_type=\"heading.default\">\n\t\t\t\t<div class=\"elementor-widget-container\">\n\t\t\t<h2 class=\"elementor-heading-title elementor-size-default\">Dienstleistungen<\/h2>\t\t<\/div>\n\t\t\t\t<\/div>\n\t\t\t\t<div class=\"elementor-element elementor-element-7782f8c elementor-widget elementor-widget-text-editor\" data-id=\"7782f8c\" data-element_type=\"widget\" data-widget_type=\"text-editor.default\">\n\t\t\t\t<div class=\"elementor-widget-container\">\n\t\t\t\t\t\t\t<div class=\"n2_ss_slider_publish__option_code\" dir=\"ltr\" data-mode=\"id\"><div class=\"n2_ss_slider_publish__option_code\" dir=\"ltr\" data-mode=\"id\"><\/div><\/div>\t\t\t\t\t\t<\/div>\n\t\t\t\t<\/div>\n\t\t\t\t\t<\/div>\n\t\t\t\t<\/div>\n\t\t<div class=\"elementor-element elementor-element-6ef59bb e-flex e-con-boxed e-con e-parent\" data-id=\"6ef59bb\" data-element_type=\"container\">\n\t\t\t\t\t<div class=\"e-con-inner\">\n\t\t\t\t<div class=\"elementor-element elementor-element-3b6d04a elementor-widget elementor-widget-heading\" data-id=\"3b6d04a\" data-element_type=\"widget\" data-widget_type=\"heading.default\">\n\t\t\t\t<div class=\"elementor-widget-container\">\n\t\t\t<h2 class=\"elementor-heading-title elementor-size-default\">Portfolio<\/h2>\t\t<\/div>\n\t\t\t\t<\/div>\n\t\t\t\t<div class=\"elementor-element elementor-element-768b9d2 elementor-hidden-tablet elementor-hidden-mobile elementor-widget elementor-widget-text-editor\" data-id=\"768b9d2\" data-element_type=\"widget\" data-widget_type=\"text-editor.default\">\n\t\t\t\t<div class=\"elementor-widget-container\">\n\t\t\t\t\t\t\t<div class=\"n2_ss_slider_publish__option_code\" dir=\"ltr\" data-mode=\"id\"><\/div>\t\t\t\t\t\t<\/div>\n\t\t\t\t<\/div>\n\t\t\t\t<div class=\"elementor-element elementor-element-4240be7 elementor-hidden-desktop elementor-widget elementor-widget-text-editor\" data-id=\"4240be7\" data-element_type=\"widget\" data-widget_type=\"text-editor.default\">\n\t\t\t\t<div class=\"elementor-widget-container\">\n\t\t\t\t\t\t\t<div class=\"n2_ss_slider_publish__option_code\" dir=\"ltr\" data-mode=\"id\"><div class=\"n2_ss_slider_publish__option_code\" dir=\"ltr\" data-mode=\"id\"><\/div><\/div>\t\t\t\t\t\t<\/div>\n\t\t\t\t<\/div>\n\t\t\t\t\t<\/div>\n\t\t\t\t<\/div>\n\t\t\t\t<\/div>\n\t\t","protected":false},"excerpt":{"rendered":"<p>\u00dcber mich In jungen Jahren entwickelte ich eine Leidenschaft f\u00fcr Fotografie und machte mein Hobby zum Beruf. Mein Ziel ist es, durch einf\u00fchlsame und detailorientierte Arbeit positive Emotionen beim Betrachter zu wecken. Ich schaffe es, meine Kunden in eine angenehme Atmosph\u00e4re zu versetzen, in der sie sich wohlf\u00fchlen und den Alltag vergessen. Es erf\u00fcllt mich&hellip;&nbsp;<a href=\"https:\/\/www.fotopublish.ch\/cms\/\" rel=\"bookmark\">Weiterlesen &raquo;<span class=\"screen-reader-text\">Home<\/span><\/a><\/p>\n","protected":false},"author":1,"featured_media":0,"parent":0,"menu_order":0,"comment_status":"closed","ping_status":"closed","template":"elementor_header_footer","meta":{"neve_meta_sidebar":"","neve_meta_container":"","neve_meta_enable_content_width":"","neve_meta_content_width":0,"neve_meta_title_alignment":"","neve_meta_author_avatar":"","neve_post_elements_order":"","neve_meta_disable_header":"","neve_meta_disable_footer":"","neve_meta_disable_title":"","footnotes":""},"class_list":["post-15","page","type-page","status-publish","hentry"],"_links":{"self":[{"href":"https:\/\/www.fotopublish.ch\/cms\/wp-json\/wp\/v2\/pages\/15","targetHints":{"allow":["GET"]}}],"collection":[{"href":"https:\/\/www.fotopublish.ch\/cms\/wp-json\/wp\/v2\/pages"}],"about":[{"href":"https:\/\/www.fotopublish.ch\/cms\/wp-json\/wp\/v2\/types\/page"}],"author":[{"embeddable":true,"href":"https:\/\/www.fotopublish.ch\/cms\/wp-json\/wp\/v2\/users\/1"}],"replies":[{"embeddable":true,"href":"https:\/\/www.fotopublish.ch\/cms\/wp-json\/wp\/v2\/comments?post=15"}],"version-history":[{"count":31,"href":"https:\/\/www.fotopublish.ch\/cms\/wp-json\/wp\/v2\/pages\/15\/revisions"}],"predecessor-version":[{"id":535,"href":"https:\/\/www.fotopublish.ch\/cms\/wp-json\/wp\/v2\/pages\/15\/revisions\/535"}],"wp:attachment":[{"href":"https:\/\/www.fotopublish.ch\/cms\/wp-json\/wp\/v2\/media?parent=15"}],"curies":[{"name":"wp","href":"https:\/\/api.w.org\/{rel}","templated":true}]}}