 {"id":540,"date":"2024-10-30T10:31:39","date_gmt":"2024-10-30T09:31:39","guid":{"rendered":"https:\/\/www.fotopublish.ch\/cms\/?page_id=540"},"modified":"2024-10-30T15:09:25","modified_gmt":"2024-10-30T14:09:25","slug":"studio","status":"publish","type":"page","link":"https:\/\/www.fotopublish.ch\/cms\/dienstleistungen\/studio\/","title":{"rendered":"Studio"},"content":{"rendered":"\t\t<div data-elementor-type=\"wp-page\" data-elementor-id=\"540\" class=\"elementor elementor-540\">\n\t\t\t\t<div class=\"elementor-element elementor-element-5c87141 e-con-full e-flex e-con e-parent\" data-id=\"5c87141\" data-element_type=\"container\" data-settings=\"{&quot;background_background&quot;:&quot;slideshow&quot;,&quot;background_slideshow_gallery&quot;:[{&quot;id&quot;:348,&quot;url&quot;:&quot;http:\\\/\\\/www.fotopublish.ch\\\/cms\\\/wp-content\\\/uploads\\\/2024\\\/03\\\/DSC4073.jpg&quot;},{&quot;id&quot;:339,&quot;url&quot;:&quot;http:\\\/\\\/www.fotopublish.ch\\\/cms\\\/wp-content\\\/uploads\\\/2024\\\/03\\\/DSC4083.jpg&quot;},{&quot;id&quot;:276,&quot;url&quot;:&quot;http:\\\/\\\/www.fotopublish.ch\\\/cms\\\/wp-content\\\/uploads\\\/2024\\\/03\\\/DSC2129.jpg&quot;},{&quot;id&quot;:249,&quot;url&quot;:&quot;http:\\\/\\\/www.fotopublish.ch\\\/cms\\\/wp-content\\\/uploads\\\/2024\\\/03\\\/DSC2150.jpg&quot;}],&quot;background_slideshow_lazyload&quot;:&quot;yes&quot;,&quot;background_slideshow_loop&quot;:&quot;yes&quot;,&quot;background_slideshow_slide_duration&quot;:5000,&quot;background_slideshow_slide_transition&quot;:&quot;fade&quot;,&quot;background_slideshow_transition_duration&quot;:500}\">\n\t\t\t\t<\/div>\n\t\t<div class=\"elementor-element elementor-element-c25a6f2 e-flex e-con-boxed e-con e-parent\" data-id=\"c25a6f2\" data-element_type=\"container\">\n\t\t\t\t\t<div class=\"e-con-inner\">\n\t\t\t\t<div class=\"elementor-element elementor-element-59e9db1 elementor-widget elementor-widget-spacer\" data-id=\"59e9db1\" data-element_type=\"widget\" data-widget_type=\"spacer.default\">\n\t\t\t\t<div class=\"elementor-widget-container\">\n\t\t\t\t\t<div class=\"elementor-spacer\">\n\t\t\t<div class=\"elementor-spacer-inner\"><\/div>\n\t\t<\/div>\n\t\t\t\t<\/div>\n\t\t\t\t<\/div>\n\t\t\t\t<div class=\"elementor-element elementor-element-b1faaa9 elementor-widget elementor-widget-heading\" data-id=\"b1faaa9\" data-element_type=\"widget\" data-widget_type=\"heading.default\">\n\t\t\t\t<div class=\"elementor-widget-container\">\n\t\t\t<h2 class=\"elementor-heading-title elementor-size-default\">Studio<\/h2>\t\t<\/div>\n\t\t\t\t<\/div>\n\t\t\t\t<div class=\"elementor-element elementor-element-1f06b5a elementor-widget elementor-widget-text-editor\" data-id=\"1f06b5a\" data-element_type=\"widget\" data-widget_type=\"text-editor.default\">\n\t\t\t\t<div class=\"elementor-widget-container\">\n\t\t\t\t\t\t\t<p><span style=\"color: #000000;\">Ein Portr\u00e4t heisst im eigentlichen Sinne, ein k\u00fcnstlerisches Bildnis zu erschaffen, den Fokus nur auf den Augenblick gerichtet. Ich habe mich auf die Portr\u00e4ts der Fotografie spezialisiert, sei es f\u00fcr die wichtigste Person, zu zweit, f\u00fcr Freunde, ein berufliches oder privates Engagement. Ich arbeite mit Requisiten und Kulissen passend zum jeweiligen Anlass. Die Aufnahmen k\u00f6nnen draussen oder drinnen stattfinden, ganz individuell nach Ihren Vorstellungen und W\u00fcnschen.<\/span><\/p>\t\t\t\t\t\t<\/div>\n\t\t\t\t<\/div>\n\t\t\t\t<div class=\"elementor-element elementor-element-b26dc73 e-n-tabs-mobile elementor-widget elementor-widget-n-tabs\" data-id=\"b26dc73\" data-element_type=\"widget\" data-settings=\"{&quot;horizontal_scroll&quot;:&quot;disable&quot;}\" data-widget_type=\"nested-tabs.default\">\n\t\t\t\t<div class=\"elementor-widget-container\">\n\t\t\t\t\t<div class=\"e-n-tabs\" data-widget-number=\"187096179\" aria-label=\"Tabs. Open items with Enter or Space, close with Escape and navigate using the Arrow keys.\">\n\t\t\t<div class=\"e-n-tabs-heading\" role=\"tablist\">\n\t\t\t\t\t<button id=\"e-n-tab-title-1870961791\" class=\"e-n-tab-title\" aria-selected=\"true\" data-tab-index=\"1\" role=\"tab\" tabindex=\"0\" aria-controls=\"e-n-tab-content-1870961791\" style=\"--n-tabs-title-order: 1;\">\n\t\t\t\t\t\t<span class=\"e-n-tab-title-text\">\n\t\t\t\tSmall\t\t\t<\/span>\n\t\t<\/button>\n\t\t\t\t<button id=\"e-n-tab-title-1870961792\" class=\"e-n-tab-title\" aria-selected=\"false\" data-tab-index=\"2\" role=\"tab\" tabindex=\"-1\" aria-controls=\"e-n-tab-content-1870961792\" style=\"--n-tabs-title-order: 2;\">\n\t\t\t\t\t\t<span class=\"e-n-tab-title-text\">\n\t\t\t\tMedium\t\t\t<\/span>\n\t\t<\/button>\n\t\t\t\t<button id=\"e-n-tab-title-1870961793\" class=\"e-n-tab-title\" aria-selected=\"false\" data-tab-index=\"3\" role=\"tab\" tabindex=\"-1\" aria-controls=\"e-n-tab-content-1870961793\" style=\"--n-tabs-title-order: 3;\">\n\t\t\t\t\t\t<span class=\"e-n-tab-title-text\">\n\t\t\t\tLarge\t\t\t<\/span>\n\t\t<\/button>\n\t\t\t\t<button id=\"e-n-tab-title-1870961794\" class=\"e-n-tab-title\" aria-selected=\"false\" data-tab-index=\"4\" role=\"tab\" tabindex=\"-1\" aria-controls=\"e-n-tab-content-1870961794\" style=\"--n-tabs-title-order: 4;\">\n\t\t\t\t\t\t<span class=\"e-n-tab-title-text\">\n\t\t\t\tExtra large\t\t\t<\/span>\n\t\t<\/button>\n\t\t\t\t\t<\/div>\n\t\t\t<div class=\"e-n-tabs-content\">\n\t\t\t\t<div id=\"e-n-tab-content-1870961791\" role=\"tabpanel\" aria-labelledby=\"e-n-tab-title-1870961791\" data-tab-index=\"1\" style=\"--n-tabs-title-order: 1;\" class=\"e-active elementor-element elementor-element-86b02fc e-con-full e-flex e-con e-child\" data-id=\"86b02fc\" data-element_type=\"container\">\n\t\t<div class=\"elementor-element elementor-element-f1f4808 e-flex e-con-boxed e-con e-child\" data-id=\"f1f4808\" data-element_type=\"container\">\n\t\t\t\t\t<div class=\"e-con-inner\">\n\t\t\t\t<div class=\"elementor-element elementor-element-a0164aa elementor-widget elementor-widget-heading\" data-id=\"a0164aa\" data-element_type=\"widget\" data-widget_type=\"heading.default\">\n\t\t\t\t<div class=\"elementor-widget-container\">\n\t\t\t<h3 class=\"elementor-heading-title elementor-size-default\">Fotoshooting small<\/h3>\t\t<\/div>\n\t\t\t\t<\/div>\n\t\t\t\t<div class=\"elementor-element elementor-element-581985d elementor-widget elementor-widget-text-editor\" data-id=\"581985d\" data-element_type=\"widget\" data-widget_type=\"text-editor.default\">\n\t\t\t\t<div class=\"elementor-widget-container\">\n\t\t\t\t\t\t\t<p><span style=\"color: #000000;\">1 Stunde Fotoshooting<\/span><\/p><ul><li style=\"list-style-type: none;\"><ul><li><span style=\"color: #000000;\">f\u00fcr Einzelpersonen \/ Kinder<\/span><\/li><li><span style=\"color: #000000;\">Vorbesprechung per Telefon<\/span><\/li><li><span style=\"color: #000000;\">Bis ca. 60 min Fotoshooting<\/span><\/li><li><span style=\"color: #000000;\">Verschiedene Ideen und Varianten<\/span><\/li><li><span style=\"color: #000000;\">Im Fotostudio oder Draussen<\/span><\/li><li><span style=\"color: #000000;\">1-2 Kulisse, Kleiderwechsel<\/span><\/li><li><span style=\"color: #000000;\">selbst\u00e4ndige Bildauswahl als Download (in kleiner Aufl\u00f6sung und Wasserzeichen von foropublish)<\/span><\/li><li><span style=\"color: #000000;\">4 Originalbilder Digital (Bilder werden digital optimiert und du erh\u00e4ltst sie nach Wunsch auf Stick mit uneingeschr\u00e4nktem Copyright f\u00fcr private Zwecke!)<\/span><\/li><\/ul><\/li><\/ul><p>\u00a0<\/p><p><strong>Paketpreis CHF 180.00<\/strong><\/p>\t\t\t\t\t\t<\/div>\n\t\t\t\t<\/div>\n\t\t\t\t\t<\/div>\n\t\t\t\t<\/div>\n\t\t\t\t<\/div>\n\t\t<div id=\"e-n-tab-content-1870961792\" role=\"tabpanel\" aria-labelledby=\"e-n-tab-title-1870961792\" data-tab-index=\"2\" style=\"--n-tabs-title-order: 2;\" class=\" elementor-element elementor-element-467b0c4 e-con-full e-flex e-con e-child\" data-id=\"467b0c4\" data-element_type=\"container\">\n\t\t<div class=\"elementor-element elementor-element-2a88569 e-flex e-con-boxed e-con e-child\" data-id=\"2a88569\" data-element_type=\"container\">\n\t\t\t\t\t<div class=\"e-con-inner\">\n\t\t\t\t<div class=\"elementor-element elementor-element-f2f22db elementor-widget elementor-widget-heading\" data-id=\"f2f22db\" data-element_type=\"widget\" data-widget_type=\"heading.default\">\n\t\t\t\t<div class=\"elementor-widget-container\">\n\t\t\t<h3 class=\"elementor-heading-title elementor-size-default\">Fotoshooting medium<\/h3>\t\t<\/div>\n\t\t\t\t<\/div>\n\t\t\t\t<div class=\"elementor-element elementor-element-000d521 elementor-widget elementor-widget-text-editor\" data-id=\"000d521\" data-element_type=\"widget\" data-widget_type=\"text-editor.default\">\n\t\t\t\t<div class=\"elementor-widget-container\">\n\t\t\t\t\t\t\t<p><span style=\"color: #000000;\">1 &#8211; 2 Stunde Fotoshooting<\/span><\/p><ul><li style=\"list-style-type: none;\"><ul><li><span style=\"color: #000000;\">f\u00fcr Einzelpersonen\/ Newborn\/ Paare\/ Kinder\/ Familien bis 5 Pers.<br \/><\/span><\/li><li><span style=\"color: #000000;\">Vorbesprechung per Telefon<\/span><\/li><li><span style=\"color: #000000;\">Bis ca. 120 min Fotoshooting<\/span><\/li><li><span style=\"color: #000000;\">Verschiedene Ideen und Varianten<\/span><\/li><li><span style=\"color: #000000;\">Im Fotostudio oder Draussen<\/span><\/li><li><span style=\"color: #000000;\">1-3 Kulisse, Kleiderwechsel<\/span><\/li><li><span style=\"color: #000000;\">selbst\u00e4ndige Bildauswahl als Download (in kleiner Aufl\u00f6sung und Wasserzeichen von foropublish)<\/span><\/li><li><span style=\"color: #000000;\">8 Originalbilder Digital (Bilder werden digital optimiert und du erh\u00e4ltst sie nach Wunsch auf Stick mit uneingeschr\u00e4nktem Copyright f\u00fcr private Zwecke!)<\/span><\/li><\/ul><\/li><\/ul><p>\u00a0<\/p><p><strong>Paketpreis CHF 280.00<\/strong><\/p>\t\t\t\t\t\t<\/div>\n\t\t\t\t<\/div>\n\t\t\t\t\t<\/div>\n\t\t\t\t<\/div>\n\t\t\t\t<\/div>\n\t\t<div id=\"e-n-tab-content-1870961793\" role=\"tabpanel\" aria-labelledby=\"e-n-tab-title-1870961793\" data-tab-index=\"3\" style=\"--n-tabs-title-order: 3;\" class=\" elementor-element elementor-element-66bb576 e-con-full e-flex e-con e-child\" data-id=\"66bb576\" data-element_type=\"container\">\n\t\t<div class=\"elementor-element elementor-element-0d9a08b e-flex e-con-boxed e-con e-child\" data-id=\"0d9a08b\" data-element_type=\"container\">\n\t\t\t\t\t<div class=\"e-con-inner\">\n\t\t\t\t<div class=\"elementor-element elementor-element-b988919 elementor-widget elementor-widget-heading\" data-id=\"b988919\" data-element_type=\"widget\" data-widget_type=\"heading.default\">\n\t\t\t\t<div class=\"elementor-widget-container\">\n\t\t\t<h3 class=\"elementor-heading-title elementor-size-default\">Fotoshooting large<\/h3>\t\t<\/div>\n\t\t\t\t<\/div>\n\t\t\t\t<div class=\"elementor-element elementor-element-d4b16e9 elementor-widget elementor-widget-text-editor\" data-id=\"d4b16e9\" data-element_type=\"widget\" data-widget_type=\"text-editor.default\">\n\t\t\t\t<div class=\"elementor-widget-container\">\n\t\t\t\t\t\t\t<p><span style=\"color: #000000;\">3 Stunde Fotoshooting<\/span><\/p><ul><li style=\"list-style-type: none;\"><ul><li><span style=\"color: #000000;\">f\u00fcr Einzelpersonen \/ Paare\/ Aktfotos\/ Gruppe &#8211; Familie ab 6 Pers.<br \/><\/span><\/li><li><span style=\"color: #000000;\">Vorbesprechung <br \/><\/span><\/li><li><span style=\"color: #000000;\">Bis ca. 180 min Fotoshooting<\/span><\/li><li><span style=\"color: #000000;\">viele Ideen und Varianten<\/span><\/li><li><span style=\"color: #000000;\">Im Fotostudio oder Draussen<\/span><\/li><li><span style=\"color: #000000;\">1-3 Kulisse, Kleiderwechsel<\/span><\/li><li><span style=\"color: #000000;\">selbst\u00e4ndige Bildauswahl als Download (in kleiner Aufl\u00f6sung und Wasserzeichen von foropublish)<\/span><\/li><li><span style=\"color: #000000;\">12 Originalbilder Digital (Bilder werden digital optimiert und du erh\u00e4ltst sie nach Wunsch auf Stick mit uneingeschr\u00e4nktem Copyright f\u00fcr private Zwecke!)<\/span><\/li><\/ul><\/li><\/ul><p>\u00a0<\/p><p><strong>Paketpreis CHF 380.00<\/strong><\/p>\t\t\t\t\t\t<\/div>\n\t\t\t\t<\/div>\n\t\t\t\t\t<\/div>\n\t\t\t\t<\/div>\n\t\t\t\t<\/div>\n\t\t<div id=\"e-n-tab-content-1870961794\" role=\"tabpanel\" aria-labelledby=\"e-n-tab-title-1870961794\" data-tab-index=\"4\" style=\"--n-tabs-title-order: 4;\" class=\" elementor-element elementor-element-3dae28a e-flex e-con-boxed e-con e-child\" data-id=\"3dae28a\" data-element_type=\"container\">\n\t\t\t\t\t<div class=\"e-con-inner\">\n\t\t<div class=\"elementor-element elementor-element-3b22fe0 e-con-full e-flex e-con e-child\" data-id=\"3b22fe0\" data-element_type=\"container\">\n\t\t\t\t<div class=\"elementor-element elementor-element-2759e78 elementor-widget elementor-widget-heading\" data-id=\"2759e78\" data-element_type=\"widget\" data-widget_type=\"heading.default\">\n\t\t\t\t<div class=\"elementor-widget-container\">\n\t\t\t<h3 class=\"elementor-heading-title elementor-size-default\">Fotoshooting extra large<\/h3>\t\t<\/div>\n\t\t\t\t<\/div>\n\t\t\t\t<div class=\"elementor-element elementor-element-f3f0ef3 elementor-widget elementor-widget-text-editor\" data-id=\"f3f0ef3\" data-element_type=\"widget\" data-widget_type=\"text-editor.default\">\n\t\t\t\t<div class=\"elementor-widget-container\">\n\t\t\t\t\t\t\t<p><span style=\"color: #000000;\">4 Stunde Fotoshooting<\/span><\/p><ul><li style=\"list-style-type: none;\"><ul><li><span style=\"color: #000000;\">f\u00fcr Einzelpersonen \/ Paare\/ Aktfotos\/ Gruppe &#8211; Familie ab 6 Pers.<br \/><\/span><\/li><li><span style=\"color: #000000;\">Vorbesprechung <br \/><\/span><\/li><li><span style=\"color: #000000;\">Bis ca. 240 min Fotoshooting<\/span><\/li><li><span style=\"color: #000000;\">viele Ideen und Varianten<\/span><\/li><li><span style=\"color: #000000;\">Im Fotostudio oder Draussen<\/span><\/li><li><span style=\"color: #000000;\">1-6 Kulisse, Kleiderwechsel<\/span><\/li><li><span style=\"color: #000000;\">selbst\u00e4ndige Bildauswahl mit gelieferte Foto-CD (in kleiner Aufl\u00f6sung und Wasserzeichen von foropublish)<\/span><\/li><li><span style=\"color: #000000;\">20 Originalbilder Digital (Bilder werden digital optimiert und du erh\u00e4ltst sie nach Wunsch auf Stick mit uneingeschr\u00e4nktem Copyright f\u00fcr private Zwecke!)<\/span><\/li><\/ul><\/li><\/ul><p>\u00a0<\/p><p><strong>Inklusive Extras<\/strong><\/p><ul><li style=\"list-style-type: none;\"><ul><li><strong>2 Bild Retuschuert<\/strong><\/li><li><strong>2 A4 Print<\/strong> (selbst\u00e4ndige Bildauswahl)<\/li><\/ul><\/li><\/ul><p>\u00a0<\/p><p><strong>Paketpreis CHF 380.00<\/strong><\/p>\t\t\t\t\t\t<\/div>\n\t\t\t\t<\/div>\n\t\t\t\t<\/div>\n\t\t\t\t\t<\/div>\n\t\t\t\t<\/div>\n\t\t\t\t\t<\/div>\n\t\t<\/div>\n\t\t\t\t<\/div>\n\t\t\t\t<\/div>\n\t\t\t\t<div class=\"elementor-element elementor-element-7fa71a0 elementor-widget elementor-widget-button\" data-id=\"7fa71a0\" data-element_type=\"widget\" data-widget_type=\"button.default\">\n\t\t\t\t<div class=\"elementor-widget-container\">\n\t\t\t\t\t\t\t<div class=\"elementor-button-wrapper\">\n\t\t\t\t\t<a class=\"elementor-button elementor-button-link elementor-size-sm\" href=\"https:\/\/www.fotopublish.ch\/cms\/termin-buchen\/\">\n\t\t\t\t\t\t<span class=\"elementor-button-content-wrapper\">\n\t\t\t\t\t\t\t\t\t<span class=\"elementor-button-text\">Jetzt Buchen!<\/span>\n\t\t\t\t\t<\/span>\n\t\t\t\t\t<\/a>\n\t\t\t\t<\/div>\n\t\t\t\t\t\t<\/div>\n\t\t\t\t<\/div>\n\t\t\t\t\t<\/div>\n\t\t\t\t<\/div>\n\t\t\t\t<\/div>\n\t\t","protected":false},"excerpt":{"rendered":"<p>Studio Ein Portr\u00e4t heisst im eigentlichen Sinne, ein k\u00fcnstlerisches Bildnis zu erschaffen, den Fokus nur auf den Augenblick gerichtet. Ich habe mich auf die Portr\u00e4ts der Fotografie spezialisiert, sei es f\u00fcr die wichtigste Person, zu zweit, f\u00fcr Freunde, ein berufliches oder privates Engagement. Ich arbeite mit Requisiten und Kulissen passend zum jeweiligen Anlass. Die Aufnahmen&hellip;&nbsp;<a href=\"https:\/\/www.fotopublish.ch\/cms\/dienstleistungen\/studio\/\" rel=\"bookmark\">Weiterlesen &raquo;<span class=\"screen-reader-text\">Studio<\/span><\/a><\/p>\n","protected":false},"author":1,"featured_media":0,"parent":517,"menu_order":0,"comment_status":"closed","ping_status":"closed","template":"elementor_header_footer","meta":{"neve_meta_sidebar":"","neve_meta_container":"","neve_meta_enable_content_width":"","neve_meta_content_width":0,"neve_meta_title_alignment":"","neve_meta_author_avatar":"","neve_post_elements_order":"","neve_meta_disable_header":"","neve_meta_disable_footer":"","neve_meta_disable_title":"","footnotes":""},"class_list":["post-540","page","type-page","status-publish","hentry"],"_links":{"self":[{"href":"https:\/\/www.fotopublish.ch\/cms\/wp-json\/wp\/v2\/pages\/540","targetHints":{"allow":["GET"]}}],"collection":[{"href":"https:\/\/www.fotopublish.ch\/cms\/wp-json\/wp\/v2\/pages"}],"about":[{"href":"https:\/\/www.fotopublish.ch\/cms\/wp-json\/wp\/v2\/types\/page"}],"author":[{"embeddable":true,"href":"https:\/\/www.fotopublish.ch\/cms\/wp-json\/wp\/v2\/users\/1"}],"replies":[{"embeddable":true,"href":"https:\/\/www.fotopublish.ch\/cms\/wp-json\/wp\/v2\/comments?post=540"}],"version-history":[{"count":10,"href":"https:\/\/www.fotopublish.ch\/cms\/wp-json\/wp\/v2\/pages\/540\/revisions"}],"predecessor-version":[{"id":608,"href":"https:\/\/www.fotopublish.ch\/cms\/wp-json\/wp\/v2\/pages\/540\/revisions\/608"}],"up":[{"embeddable":true,"href":"https:\/\/www.fotopublish.ch\/cms\/wp-json\/wp\/v2\/pages\/517"}],"wp:attachment":[{"href":"https:\/\/www.fotopublish.ch\/cms\/wp-json\/wp\/v2\/media?parent=540"}],"curies":[{"name":"wp","href":"https:\/\/api.w.org\/{rel}","templated":true}]}}