 {"id":559,"date":"2024-10-30T11:33:22","date_gmt":"2024-10-30T10:33:22","guid":{"rendered":"https:\/\/www.fotopublish.ch\/cms\/?page_id=559"},"modified":"2024-10-30T15:08:48","modified_gmt":"2024-10-30T14:08:48","slug":"firmenfotografie","status":"publish","type":"page","link":"https:\/\/www.fotopublish.ch\/cms\/dienstleistungen\/firmenfotografie\/","title":{"rendered":"Firmenfotografie"},"content":{"rendered":"\t\t<div data-elementor-type=\"wp-page\" data-elementor-id=\"559\" class=\"elementor elementor-559\">\n\t\t\t\t<div class=\"elementor-element elementor-element-75279aec e-con-full e-flex e-con e-parent\" data-id=\"75279aec\" data-element_type=\"container\" data-settings=\"{&quot;background_background&quot;:&quot;slideshow&quot;,&quot;background_slideshow_gallery&quot;:[{&quot;id&quot;:348,&quot;url&quot;:&quot;http:\\\/\\\/www.fotopublish.ch\\\/cms\\\/wp-content\\\/uploads\\\/2024\\\/03\\\/DSC4073.jpg&quot;},{&quot;id&quot;:339,&quot;url&quot;:&quot;http:\\\/\\\/www.fotopublish.ch\\\/cms\\\/wp-content\\\/uploads\\\/2024\\\/03\\\/DSC4083.jpg&quot;},{&quot;id&quot;:276,&quot;url&quot;:&quot;http:\\\/\\\/www.fotopublish.ch\\\/cms\\\/wp-content\\\/uploads\\\/2024\\\/03\\\/DSC2129.jpg&quot;},{&quot;id&quot;:249,&quot;url&quot;:&quot;http:\\\/\\\/www.fotopublish.ch\\\/cms\\\/wp-content\\\/uploads\\\/2024\\\/03\\\/DSC2150.jpg&quot;}],&quot;background_slideshow_lazyload&quot;:&quot;yes&quot;,&quot;background_slideshow_loop&quot;:&quot;yes&quot;,&quot;background_slideshow_slide_duration&quot;:5000,&quot;background_slideshow_slide_transition&quot;:&quot;fade&quot;,&quot;background_slideshow_transition_duration&quot;:500}\">\n\t\t\t\t<\/div>\n\t\t<div class=\"elementor-element elementor-element-5dc2f96 e-flex e-con-boxed e-con e-parent\" data-id=\"5dc2f96\" data-element_type=\"container\">\n\t\t\t\t\t<div class=\"e-con-inner\">\n\t\t\t\t<div class=\"elementor-element elementor-element-23fb61c elementor-widget elementor-widget-spacer\" data-id=\"23fb61c\" data-element_type=\"widget\" data-widget_type=\"spacer.default\">\n\t\t\t\t<div class=\"elementor-widget-container\">\n\t\t\t\t\t<div class=\"elementor-spacer\">\n\t\t\t<div class=\"elementor-spacer-inner\"><\/div>\n\t\t<\/div>\n\t\t\t\t<\/div>\n\t\t\t\t<\/div>\n\t\t\t\t<div class=\"elementor-element elementor-element-11398c9 elementor-widget elementor-widget-heading\" data-id=\"11398c9\" data-element_type=\"widget\" data-widget_type=\"heading.default\">\n\t\t\t\t<div class=\"elementor-widget-container\">\n\t\t\t<h2 class=\"elementor-heading-title elementor-size-default\">Firmenfotografie<\/h2>\t\t<\/div>\n\t\t\t\t<\/div>\n\t\t\t\t<div class=\"elementor-element elementor-element-4ecb8ab elementor-widget elementor-widget-text-editor\" data-id=\"4ecb8ab\" data-element_type=\"widget\" data-widget_type=\"text-editor.default\">\n\t\t\t\t<div class=\"elementor-widget-container\">\n\t\t\t\t\t\t\t<p><span style=\"color: #000000;\">Frische und ausdrucksstarke Mitarbeiterfotos im Studio oder bei Ihnen vor Ort.<\/span><br \/><span style=\"color: #000000;\">Eine neue Bildsprache f\u00fcr Ihr Unternehmen.<\/span><\/p><p><span style=\"color: #000000;\">Image und Business Fotos f\u00fcr Ihre Websie, Brosch\u00fcren, Corporate Branding und Soziale Plattformen.<\/span><\/p><p><span style=\"color: #000000;\">Authentisch, frisch und ausdrucksstark! Ich passe das Fotoshooting ganz nach Ihren W\u00fcnschen und Vorstellungen an.<\/span><\/p><p><span style=\"color: #000000;\">Business &#8211; Mitarbeiterfotos &#8211; Reportagefotografie Preise und Offerte auf Anfrage<\/span><\/p>\t\t\t\t\t\t<\/div>\n\t\t\t\t<\/div>\n\t\t\t\t<div class=\"elementor-element elementor-element-72c9b38 elementor-widget elementor-widget-button\" data-id=\"72c9b38\" data-element_type=\"widget\" data-widget_type=\"button.default\">\n\t\t\t\t<div class=\"elementor-widget-container\">\n\t\t\t\t\t\t\t<div class=\"elementor-button-wrapper\">\n\t\t\t\t\t<a class=\"elementor-button elementor-button-link elementor-size-sm\" href=\"https:\/\/www.fotopublish.ch\/cms\/termin-buchen\/\">\n\t\t\t\t\t\t<span class=\"elementor-button-content-wrapper\">\n\t\t\t\t\t\t\t\t\t<span class=\"elementor-button-text\">Jetzt termin vereinbaren!<\/span>\n\t\t\t\t\t<\/span>\n\t\t\t\t\t<\/a>\n\t\t\t\t<\/div>\n\t\t\t\t\t\t<\/div>\n\t\t\t\t<\/div>\n\t\t\t\t\t<\/div>\n\t\t\t\t<\/div>\n\t\t\t\t<\/div>\n\t\t","protected":false},"excerpt":{"rendered":"<p>Firmenfotografie Frische und ausdrucksstarke Mitarbeiterfotos im Studio oder bei Ihnen vor Ort.Eine neue Bildsprache f\u00fcr Ihr Unternehmen. Image und Business Fotos f\u00fcr Ihre Websie, Brosch\u00fcren, Corporate Branding und Soziale Plattformen. Authentisch, frisch und ausdrucksstark! Ich passe das Fotoshooting ganz nach Ihren W\u00fcnschen und Vorstellungen an. Business &#8211; Mitarbeiterfotos &#8211; Reportagefotografie Preise und Offerte auf Anfrage&hellip;&nbsp;<a href=\"https:\/\/www.fotopublish.ch\/cms\/dienstleistungen\/firmenfotografie\/\" rel=\"bookmark\">Weiterlesen &raquo;<span class=\"screen-reader-text\">Firmenfotografie<\/span><\/a><\/p>\n","protected":false},"author":1,"featured_media":0,"parent":517,"menu_order":0,"comment_status":"closed","ping_status":"closed","template":"elementor_header_footer","meta":{"neve_meta_sidebar":"","neve_meta_container":"","neve_meta_enable_content_width":"","neve_meta_content_width":0,"neve_meta_title_alignment":"","neve_meta_author_avatar":"","neve_post_elements_order":"","neve_meta_disable_header":"","neve_meta_disable_footer":"","neve_meta_disable_title":"","footnotes":""},"class_list":["post-559","page","type-page","status-publish","hentry"],"_links":{"self":[{"href":"https:\/\/www.fotopublish.ch\/cms\/wp-json\/wp\/v2\/pages\/559","targetHints":{"allow":["GET"]}}],"collection":[{"href":"https:\/\/www.fotopublish.ch\/cms\/wp-json\/wp\/v2\/pages"}],"about":[{"href":"https:\/\/www.fotopublish.ch\/cms\/wp-json\/wp\/v2\/types\/page"}],"author":[{"embeddable":true,"href":"https:\/\/www.fotopublish.ch\/cms\/wp-json\/wp\/v2\/users\/1"}],"replies":[{"embeddable":true,"href":"https:\/\/www.fotopublish.ch\/cms\/wp-json\/wp\/v2\/comments?post=559"}],"version-history":[{"count":7,"href":"https:\/\/www.fotopublish.ch\/cms\/wp-json\/wp\/v2\/pages\/559\/revisions"}],"predecessor-version":[{"id":605,"href":"https:\/\/www.fotopublish.ch\/cms\/wp-json\/wp\/v2\/pages\/559\/revisions\/605"}],"up":[{"embeddable":true,"href":"https:\/\/www.fotopublish.ch\/cms\/wp-json\/wp\/v2\/pages\/517"}],"wp:attachment":[{"href":"https:\/\/www.fotopublish.ch\/cms\/wp-json\/wp\/v2\/media?parent=559"}],"curies":[{"name":"wp","href":"https:\/\/api.w.org\/{rel}","templated":true}]}}