 {"id":564,"date":"2024-10-30T11:38:49","date_gmt":"2024-10-30T10:38:49","guid":{"rendered":"https:\/\/www.fotopublish.ch\/cms\/?page_id=564"},"modified":"2024-10-30T11:43:30","modified_gmt":"2024-10-30T10:43:30","slug":"ueber-mich","status":"publish","type":"page","link":"https:\/\/www.fotopublish.ch\/cms\/ueber-mich\/","title":{"rendered":"\u00dcber mich"},"content":{"rendered":"\t\t<div data-elementor-type=\"wp-page\" data-elementor-id=\"564\" class=\"elementor elementor-564\">\n\t\t\t\t<div class=\"elementor-element elementor-element-6e7e889d e-con-full e-flex e-con e-parent\" data-id=\"6e7e889d\" data-element_type=\"container\" data-settings=\"{&quot;background_background&quot;:&quot;slideshow&quot;,&quot;background_slideshow_gallery&quot;:[{&quot;id&quot;:348,&quot;url&quot;:&quot;http:\\\/\\\/www.fotopublish.ch\\\/cms\\\/wp-content\\\/uploads\\\/2024\\\/03\\\/DSC4073.jpg&quot;},{&quot;id&quot;:339,&quot;url&quot;:&quot;http:\\\/\\\/www.fotopublish.ch\\\/cms\\\/wp-content\\\/uploads\\\/2024\\\/03\\\/DSC4083.jpg&quot;},{&quot;id&quot;:276,&quot;url&quot;:&quot;http:\\\/\\\/www.fotopublish.ch\\\/cms\\\/wp-content\\\/uploads\\\/2024\\\/03\\\/DSC2129.jpg&quot;},{&quot;id&quot;:249,&quot;url&quot;:&quot;http:\\\/\\\/www.fotopublish.ch\\\/cms\\\/wp-content\\\/uploads\\\/2024\\\/03\\\/DSC2150.jpg&quot;}],&quot;background_slideshow_lazyload&quot;:&quot;yes&quot;,&quot;background_slideshow_loop&quot;:&quot;yes&quot;,&quot;background_slideshow_slide_duration&quot;:5000,&quot;background_slideshow_slide_transition&quot;:&quot;fade&quot;,&quot;background_slideshow_transition_duration&quot;:500}\">\n\t\t\t\t<\/div>\n\t\t<div class=\"elementor-element elementor-element-41dda99 e-flex e-con-boxed e-con e-parent\" data-id=\"41dda99\" data-element_type=\"container\">\n\t\t\t\t\t<div class=\"e-con-inner\">\n\t\t\t\t<div class=\"elementor-element elementor-element-1f434ff elementor-widget elementor-widget-spacer\" data-id=\"1f434ff\" data-element_type=\"widget\" data-widget_type=\"spacer.default\">\n\t\t\t\t<div class=\"elementor-widget-container\">\n\t\t\t\t\t<div class=\"elementor-spacer\">\n\t\t\t<div class=\"elementor-spacer-inner\"><\/div>\n\t\t<\/div>\n\t\t\t\t<\/div>\n\t\t\t\t<\/div>\n\t\t\t\t<div class=\"elementor-element elementor-element-a0d52f0 elementor-widget elementor-widget-heading\" data-id=\"a0d52f0\" data-element_type=\"widget\" data-widget_type=\"heading.default\">\n\t\t\t\t<div class=\"elementor-widget-container\">\n\t\t\t<h2 class=\"elementor-heading-title elementor-size-default\">\u00dcber mich<\/h2>\t\t<\/div>\n\t\t\t\t<\/div>\n\t\t<div class=\"elementor-element elementor-element-c4f46bf e-con-full e-flex e-con e-child\" data-id=\"c4f46bf\" data-element_type=\"container\">\n\t\t\t\t<div class=\"elementor-element elementor-element-19091f8 elementor-widget elementor-widget-text-editor\" data-id=\"19091f8\" data-element_type=\"widget\" data-widget_type=\"text-editor.default\">\n\t\t\t\t<div class=\"elementor-widget-container\">\n\t\t\t\t\t\t\t<p>Schon in meinen jungen Jahren entwickelte ich diese Leidenschaft zu Fotografie, die daraus enstehenden Bilder haben mich fasziniert.<\/p><p>Mit dieser Passion, habe ich mein Hobby zum Beruf gemacht.<br \/>Das Faszinierende an Fotografie ist es, das Sujet zum Leben zu erwecken und am Betrachter Positive Gef\u00fchle zu schenken.<\/p><p>Mein Flair ist es sich bei mir wohf\u00fchlt. Wenn ich arbeite, vergessen meine Kunden alles um sich herum und f\u00fchlen sich innert k\u00fcrzester Zeit sehr gut aufgehoben.<br \/>Die Faszination beim Betrachter Emotionen auszul\u00f6sen, erf\u00fcllt mich immer wieder mit gr\u00f6sser Freude und Dankbarkeit.<\/p>\t\t\t\t\t\t<\/div>\n\t\t\t\t<\/div>\n\t\t\t\t<div class=\"elementor-element elementor-element-d8631dc elementor-hidden-tablet elementor-hidden-mobile elementor-widget elementor-widget-image\" data-id=\"d8631dc\" data-element_type=\"widget\" data-widget_type=\"image.default\">\n\t\t\t\t<div class=\"elementor-widget-container\">\n\t\t\t\t\t\t\t\t\t\t\t\t\t<img fetchpriority=\"high\" decoding=\"async\" width=\"1024\" height=\"683\" src=\"https:\/\/www.fotopublish.ch\/cms\/wp-content\/uploads\/2024\/03\/ich-1024x683.jpg\" class=\"attachment-large size-large wp-image-386\" alt=\"\" srcset=\"https:\/\/www.fotopublish.ch\/cms\/wp-content\/uploads\/2024\/03\/ich-1024x683.jpg 1024w, https:\/\/www.fotopublish.ch\/cms\/wp-content\/uploads\/2024\/03\/ich-300x200.jpg 300w, https:\/\/www.fotopublish.ch\/cms\/wp-content\/uploads\/2024\/03\/ich-768x512.jpg 768w, https:\/\/www.fotopublish.ch\/cms\/wp-content\/uploads\/2024\/03\/ich-930x620.jpg 930w, https:\/\/www.fotopublish.ch\/cms\/wp-content\/uploads\/2024\/03\/ich.jpg 1500w\" sizes=\"(max-width: 1024px) 100vw, 1024px\" \/>\t\t\t\t\t\t\t\t\t\t\t\t\t<\/div>\n\t\t\t\t<\/div>\n\t\t\t\t<\/div>\n\t\t\t\t\t<\/div>\n\t\t\t\t<\/div>\n\t\t\t\t<\/div>\n\t\t","protected":false},"excerpt":{"rendered":"<p>\u00dcber mich Schon in meinen jungen Jahren entwickelte ich diese Leidenschaft zu Fotografie, die daraus enstehenden Bilder haben mich fasziniert. Mit dieser Passion, habe ich mein Hobby zum Beruf gemacht.Das Faszinierende an Fotografie ist es, das Sujet zum Leben zu erwecken und am Betrachter Positive Gef\u00fchle zu schenken. Mein Flair ist es sich bei mir&hellip;&nbsp;<a href=\"https:\/\/www.fotopublish.ch\/cms\/ueber-mich\/\" rel=\"bookmark\">Weiterlesen &raquo;<span class=\"screen-reader-text\">\u00dcber mich<\/span><\/a><\/p>\n","protected":false},"author":1,"featured_media":0,"parent":0,"menu_order":0,"comment_status":"closed","ping_status":"closed","template":"elementor_header_footer","meta":{"neve_meta_sidebar":"","neve_meta_container":"","neve_meta_enable_content_width":"","neve_meta_content_width":0,"neve_meta_title_alignment":"","neve_meta_author_avatar":"","neve_post_elements_order":"","neve_meta_disable_header":"","neve_meta_disable_footer":"","neve_meta_disable_title":"","footnotes":""},"class_list":["post-564","page","type-page","status-publish","hentry"],"_links":{"self":[{"href":"https:\/\/www.fotopublish.ch\/cms\/wp-json\/wp\/v2\/pages\/564","targetHints":{"allow":["GET"]}}],"collection":[{"href":"https:\/\/www.fotopublish.ch\/cms\/wp-json\/wp\/v2\/pages"}],"about":[{"href":"https:\/\/www.fotopublish.ch\/cms\/wp-json\/wp\/v2\/types\/page"}],"author":[{"embeddable":true,"href":"https:\/\/www.fotopublish.ch\/cms\/wp-json\/wp\/v2\/users\/1"}],"replies":[{"embeddable":true,"href":"https:\/\/www.fotopublish.ch\/cms\/wp-json\/wp\/v2\/comments?post=564"}],"version-history":[{"count":4,"href":"https:\/\/www.fotopublish.ch\/cms\/wp-json\/wp\/v2\/pages\/564\/revisions"}],"predecessor-version":[{"id":572,"href":"https:\/\/www.fotopublish.ch\/cms\/wp-json\/wp\/v2\/pages\/564\/revisions\/572"}],"wp:attachment":[{"href":"https:\/\/www.fotopublish.ch\/cms\/wp-json\/wp\/v2\/media?parent=564"}],"curies":[{"name":"wp","href":"https:\/\/api.w.org\/{rel}","templated":true}]}}